{"id":1387,"date":"2022-12-21T03:21:47","date_gmt":"2022-12-21T02:21:47","guid":{"rendered":"https:\/\/privatszef.hu\/?page_id=1387"},"modified":"2023-01-11T23:51:42","modified_gmt":"2023-01-11T22:51:42","slug":"o%d0%b1%d1%8a%d1%8f%d0%b2%d0%bb%d0%b5%d0%bd%d0%b8%d1%8f","status":"publish","type":"page","link":"https:\/\/privatszef.hu\/ru\/o%d0%b1%d1%8a%d1%8f%d0%b2%d0%bb%d0%b5%d0%bd%d0%b8%d1%8f\/","title":{"rendered":"O\u0431\u044a\u044f\u0432\u043b\u0435\u043d\u0438\u044f"},"content":{"rendered":"<p>[vc_row][vc_column][vc_empty_space height=&#187;60px&#187;][\/vc_column][\/vc_row][vc_row][vc_column width=&#187;1\/2&#8243;][vc_btn title=&#187;\u041e\u0431\u044a\u044f\u0432\u043b\u0435\u043d\u0438\u0435 2022 \u0433.&#187; style=&#187;flat&#187; shape=&#187;square&#187; color=&#187;white&#187; align=&#187;center&#187; el_class=&#187;purple-button&#187; link=&#187;url:%2Fru%2Fo%D0%B1%D1%8A%D1%8F%D0%B2%D0%BB%D0%B5%D0%BD%D0%B8%D1%8F-2022%2F|title:%D0%A2%D0%B5%D0%BA%D1%83%D1%89%D0%B8%D0%B9||&#187;][\/vc_column][vc_column width=&#187;1\/2&#8243;][vc_btn title=&#187;\u0422\u0435\u043a\u0443\u0449\u0438\u0439&#187; style=&#187;flat&#187; shape=&#187;square&#187; color=&#187;white&#187; align=&#187;center&#187; el_class=&#187;purple-button&#187; link=&#187;url:%2Fru%2Fo%D0%B1%D1%8A%D1%8F%D0%B2%D0%BB%D0%B5%D0%BD%D0%B8%D1%8F-2023%2F|title:%D0%9E%D0%B1%D1%8A%D1%8F%D0%B2%D0%BB%D0%B5%D0%BD%D0%B8%D0%B5%202023%20%D0%B3.||&#187;][\/vc_column][\/vc_row][vc_row][vc_column][vc_empty_space height=&#187;46px&#187;][\/vc_column][\/vc_row]<\/p>\n","protected":false},"excerpt":{"rendered":"<p>[vc_row][vc_column][vc_empty_space height=&#187;60px&#187;][\/vc_column][\/vc_row][vc_row][vc_column width=&#187;1\/2&#8243;][vc_btn title=&#187;\u041e\u0431\u044a\u044f\u0432\u043b\u0435\u043d\u0438\u0435 2022 \u0433.&#187; style=&#187;flat&#187; shape=&#187;square&#187; color=&#187;white&#187; align=&#187;center&#187; el_class=&#187;purple-button&#187; link=&#187;url:%2Fru%2Fo%D0%B1%D1%8A%D1%8F%D0%B2%D0%BB%D0%B5%D0%BD%D0%B8%D1%8F-2022%2F|title:%D0%A2%D0%B5%D0%BA%D1%83%D1%89%D0%B8%D0%B9||&#187;][\/vc_column][vc_column width=&#187;1\/2&#8243;][vc_btn title=&#187;\u0422\u0435\u043a\u0443\u0449\u0438\u0439&#187; style=&#187;flat&#187; shape=&#187;square&#187; color=&#187;white&#187; align=&#187;center&#187; el_class=&#187;purple-button&#187; link=&#187;url:%2Fru%2Fo%D0%B1%D1%8A%D1%8F%D0%B2%D0%BB%D0%B5%D0%BD%D0%B8%D1%8F-2023%2F|title:%D0%9E%D0%B1%D1%8A%D1%8F%D0%B2%D0%BB%D0%B5%D0%BD%D0%B8%D0%B5%202023%20%D0%B3.||&#187;][\/vc_column][\/vc_row][vc_row][vc_column][vc_empty_space height=&#187;46px&#187;][\/vc_column][\/vc_row]<\/p>\n","protected":false},"author":1,"featured_media":0,"parent":0,"menu_order":0,"comment_status":"closed","ping_status":"closed","template":"","meta":{"footnotes":""},"class_list":["post-1387","page","type-page","status-publish","hentry"],"yoast_head":"<!-- This site is optimized with the Yoast SEO plugin v27.3 - https:\/\/yoast.com\/product\/yoast-seo-wordpress\/ -->\n<title>O\u0431\u044a\u044f\u0432\u043b\u0435\u043d\u0438\u044f -<\/title>\n<meta name=\"robots\" content=\"index, follow, max-snippet:-1, max-image-preview:large, max-video-preview:-1\" \/>\n<link rel=\"canonical\" href=\"https:\/\/privatszef.hu\/ru\/o\u0431\u044a\u044f\u0432\u043b\u0435\u043d\u0438\u044f\/\" \/>\n<meta property=\"og:locale\" content=\"ru_RU\" \/>\n<meta property=\"og:type\" content=\"article\" \/>\n<meta property=\"og:title\" content=\"O\u0431\u044a\u044f\u0432\u043b\u0435\u043d\u0438\u044f -\" \/>\n<meta property=\"og:description\" content=\"[vc_row][vc_column][vc_empty_space height=&#187;60px&#187;][\/vc_column][\/vc_row][vc_row][vc_column width=&#187;1\/2&#8243;][vc_btn title=&#187;\u041e\u0431\u044a\u044f\u0432\u043b\u0435\u043d\u0438\u0435 2022 \u0433.&#187; style=&#187;flat&#187; shape=&#187;square&#187; color=&#187;white&#187; align=&#187;center&#187; el_class=&#187;purple-button&#187; link=&#187;url:%2Fru%2Fo%D0%B1%D1%8A%D1%8F%D0%B2%D0%BB%D0%B5%D0%BD%D0%B8%D1%8F-2022%2F|title:%D0%A2%D0%B5%D0%BA%D1%83%D1%89%D0%B8%D0%B9||&#187;][\/vc_column][vc_column width=&#187;1\/2&#8243;][vc_btn title=&#187;\u0422\u0435\u043a\u0443\u0449\u0438\u0439&#187; style=&#187;flat&#187; shape=&#187;square&#187; color=&#187;white&#187; align=&#187;center&#187; el_class=&#187;purple-button&#187; link=&#187;url:%2Fru%2Fo%D0%B1%D1%8A%D1%8F%D0%B2%D0%BB%D0%B5%D0%BD%D0%B8%D1%8F-2023%2F|title:%D0%9E%D0%B1%D1%8A%D1%8F%D0%B2%D0%BB%D0%B5%D0%BD%D0%B8%D0%B5%202023%20%D0%B3.||&#187;][\/vc_column][\/vc_row][vc_row][vc_column][vc_empty_space height=&#187;46px&#187;][\/vc_column][\/vc_row]\" \/>\n<meta property=\"og:url\" content=\"https:\/\/privatszef.hu\/ru\/o\u0431\u044a\u044f\u0432\u043b\u0435\u043d\u0438\u044f\/\" \/>\n<meta property=\"og:site_name\" content=\"Priv\u00e1tSz\u00e9f\" \/>\n<meta property=\"article:modified_time\" content=\"2023-01-11T22:51:42+00:00\" \/>\n<meta name=\"twitter:card\" content=\"summary_large_image\" \/>\n<meta name=\"twitter:label1\" content=\"\u041f\u0440\u0438\u043c\u0435\u0440\u043d\u043e\u0435 \u0432\u0440\u0435\u043c\u044f \u0434\u043b\u044f \u0447\u0442\u0435\u043d\u0438\u044f\" \/>\n\t<meta name=\"twitter:data1\" content=\"1 \u043c\u0438\u043d\u0443\u0442\u0430\" \/>\n<script type=\"application\/ld+json\" class=\"yoast-schema-graph\">{\"@context\":\"https:\\\/\\\/schema.org\",\"@graph\":[{\"@type\":\"WebPage\",\"@id\":\"https:\\\/\\\/privatszef.hu\\\/ru\\\/o%d0%b1%d1%8a%d1%8f%d0%b2%d0%bb%d0%b5%d0%bd%d0%b8%d1%8f\\\/\",\"url\":\"https:\\\/\\\/privatszef.hu\\\/ru\\\/o%d0%b1%d1%8a%d1%8f%d0%b2%d0%bb%d0%b5%d0%bd%d0%b8%d1%8f\\\/\",\"name\":\"O\u0431\u044a\u044f\u0432\u043b\u0435\u043d\u0438\u044f -\",\"isPartOf\":{\"@id\":\"https:\\\/\\\/privatszef.hu\\\/#website\"},\"datePublished\":\"2022-12-21T02:21:47+00:00\",\"dateModified\":\"2023-01-11T22:51:42+00:00\",\"breadcrumb\":{\"@id\":\"https:\\\/\\\/privatszef.hu\\\/ru\\\/o%d0%b1%d1%8a%d1%8f%d0%b2%d0%bb%d0%b5%d0%bd%d0%b8%d1%8f\\\/#breadcrumb\"},\"inLanguage\":\"ru-RU\",\"potentialAction\":[{\"@type\":\"ReadAction\",\"target\":[\"https:\\\/\\\/privatszef.hu\\\/ru\\\/o%d0%b1%d1%8a%d1%8f%d0%b2%d0%bb%d0%b5%d0%bd%d0%b8%d1%8f\\\/\"]}]},{\"@type\":\"BreadcrumbList\",\"@id\":\"https:\\\/\\\/privatszef.hu\\\/ru\\\/o%d0%b1%d1%8a%d1%8f%d0%b2%d0%bb%d0%b5%d0%bd%d0%b8%d1%8f\\\/#breadcrumb\",\"itemListElement\":[{\"@type\":\"ListItem\",\"position\":1,\"name\":\"Home\",\"item\":\"https:\\\/\\\/privatszef.hu\\\/\"},{\"@type\":\"ListItem\",\"position\":2,\"name\":\"O\u0431\u044a\u044f\u0432\u043b\u0435\u043d\u0438\u044f\"}]},{\"@type\":\"WebSite\",\"@id\":\"https:\\\/\\\/privatszef.hu\\\/#website\",\"url\":\"https:\\\/\\\/privatszef.hu\\\/\",\"name\":\"Priv\u00e1tSz\u00e9f\",\"description\":\"Tudja \u00e9rt\u00e9keit biztons\u00e1gban!\",\"publisher\":{\"@id\":\"https:\\\/\\\/privatszef.hu\\\/#organization\"},\"potentialAction\":[{\"@type\":\"SearchAction\",\"target\":{\"@type\":\"EntryPoint\",\"urlTemplate\":\"https:\\\/\\\/privatszef.hu\\\/?s={search_term_string}\"},\"query-input\":{\"@type\":\"PropertyValueSpecification\",\"valueRequired\":true,\"valueName\":\"search_term_string\"}}],\"inLanguage\":\"ru-RU\"},{\"@type\":\"Organization\",\"@id\":\"https:\\\/\\\/privatszef.hu\\\/#organization\",\"name\":\"Priv\u00e1tSz\u00e9f\",\"url\":\"https:\\\/\\\/privatszef.hu\\\/\",\"logo\":{\"@type\":\"ImageObject\",\"inLanguage\":\"ru-RU\",\"@id\":\"https:\\\/\\\/privatszef.hu\\\/#\\\/schema\\\/logo\\\/image\\\/\",\"url\":\"https:\\\/\\\/privatszef.hu\\\/wp-content\\\/uploads\\\/2019\\\/03\\\/logo.png\",\"contentUrl\":\"https:\\\/\\\/privatszef.hu\\\/wp-content\\\/uploads\\\/2019\\\/03\\\/logo.png\",\"width\":259,\"height\":63,\"caption\":\"Priv\u00e1tSz\u00e9f\"},\"image\":{\"@id\":\"https:\\\/\\\/privatszef.hu\\\/#\\\/schema\\\/logo\\\/image\\\/\"}}]}<\/script>\n<!-- \/ Yoast SEO plugin. -->","yoast_head_json":{"title":"O\u0431\u044a\u044f\u0432\u043b\u0435\u043d\u0438\u044f -","robots":{"index":"index","follow":"follow","max-snippet":"max-snippet:-1","max-image-preview":"max-image-preview:large","max-video-preview":"max-video-preview:-1"},"canonical":"https:\/\/privatszef.hu\/ru\/o\u0431\u044a\u044f\u0432\u043b\u0435\u043d\u0438\u044f\/","og_locale":"ru_RU","og_type":"article","og_title":"O\u0431\u044a\u044f\u0432\u043b\u0435\u043d\u0438\u044f -","og_description":"[vc_row][vc_column][vc_empty_space height=&#187;60px&#187;][\/vc_column][\/vc_row][vc_row][vc_column width=&#187;1\/2&#8243;][vc_btn title=&#187;\u041e\u0431\u044a\u044f\u0432\u043b\u0435\u043d\u0438\u0435 2022 \u0433.&#187; style=&#187;flat&#187; shape=&#187;square&#187; color=&#187;white&#187; align=&#187;center&#187; el_class=&#187;purple-button&#187; link=&#187;url:%2Fru%2Fo%D0%B1%D1%8A%D1%8F%D0%B2%D0%BB%D0%B5%D0%BD%D0%B8%D1%8F-2022%2F|title:%D0%A2%D0%B5%D0%BA%D1%83%D1%89%D0%B8%D0%B9||&#187;][\/vc_column][vc_column width=&#187;1\/2&#8243;][vc_btn title=&#187;\u0422\u0435\u043a\u0443\u0449\u0438\u0439&#187; style=&#187;flat&#187; shape=&#187;square&#187; color=&#187;white&#187; align=&#187;center&#187; el_class=&#187;purple-button&#187; link=&#187;url:%2Fru%2Fo%D0%B1%D1%8A%D1%8F%D0%B2%D0%BB%D0%B5%D0%BD%D0%B8%D1%8F-2023%2F|title:%D0%9E%D0%B1%D1%8A%D1%8F%D0%B2%D0%BB%D0%B5%D0%BD%D0%B8%D0%B5%202023%20%D0%B3.||&#187;][\/vc_column][\/vc_row][vc_row][vc_column][vc_empty_space height=&#187;46px&#187;][\/vc_column][\/vc_row]","og_url":"https:\/\/privatszef.hu\/ru\/o\u0431\u044a\u044f\u0432\u043b\u0435\u043d\u0438\u044f\/","og_site_name":"Priv\u00e1tSz\u00e9f","article_modified_time":"2023-01-11T22:51:42+00:00","twitter_card":"summary_large_image","twitter_misc":{"\u041f\u0440\u0438\u043c\u0435\u0440\u043d\u043e\u0435 \u0432\u0440\u0435\u043c\u044f \u0434\u043b\u044f \u0447\u0442\u0435\u043d\u0438\u044f":"1 \u043c\u0438\u043d\u0443\u0442\u0430"},"schema":{"@context":"https:\/\/schema.org","@graph":[{"@type":"WebPage","@id":"https:\/\/privatszef.hu\/ru\/o%d0%b1%d1%8a%d1%8f%d0%b2%d0%bb%d0%b5%d0%bd%d0%b8%d1%8f\/","url":"https:\/\/privatszef.hu\/ru\/o%d0%b1%d1%8a%d1%8f%d0%b2%d0%bb%d0%b5%d0%bd%d0%b8%d1%8f\/","name":"O\u0431\u044a\u044f\u0432\u043b\u0435\u043d\u0438\u044f -","isPartOf":{"@id":"https:\/\/privatszef.hu\/#website"},"datePublished":"2022-12-21T02:21:47+00:00","dateModified":"2023-01-11T22:51:42+00:00","breadcrumb":{"@id":"https:\/\/privatszef.hu\/ru\/o%d0%b1%d1%8a%d1%8f%d0%b2%d0%bb%d0%b5%d0%bd%d0%b8%d1%8f\/#breadcrumb"},"inLanguage":"ru-RU","potentialAction":[{"@type":"ReadAction","target":["https:\/\/privatszef.hu\/ru\/o%d0%b1%d1%8a%d1%8f%d0%b2%d0%bb%d0%b5%d0%bd%d0%b8%d1%8f\/"]}]},{"@type":"BreadcrumbList","@id":"https:\/\/privatszef.hu\/ru\/o%d0%b1%d1%8a%d1%8f%d0%b2%d0%bb%d0%b5%d0%bd%d0%b8%d1%8f\/#breadcrumb","itemListElement":[{"@type":"ListItem","position":1,"name":"Home","item":"https:\/\/privatszef.hu\/"},{"@type":"ListItem","position":2,"name":"O\u0431\u044a\u044f\u0432\u043b\u0435\u043d\u0438\u044f"}]},{"@type":"WebSite","@id":"https:\/\/privatszef.hu\/#website","url":"https:\/\/privatszef.hu\/","name":"Priv\u00e1tSz\u00e9f","description":"Tudja \u00e9rt\u00e9keit biztons\u00e1gban!","publisher":{"@id":"https:\/\/privatszef.hu\/#organization"},"potentialAction":[{"@type":"SearchAction","target":{"@type":"EntryPoint","urlTemplate":"https:\/\/privatszef.hu\/?s={search_term_string}"},"query-input":{"@type":"PropertyValueSpecification","valueRequired":true,"valueName":"search_term_string"}}],"inLanguage":"ru-RU"},{"@type":"Organization","@id":"https:\/\/privatszef.hu\/#organization","name":"Priv\u00e1tSz\u00e9f","url":"https:\/\/privatszef.hu\/","logo":{"@type":"ImageObject","inLanguage":"ru-RU","@id":"https:\/\/privatszef.hu\/#\/schema\/logo\/image\/","url":"https:\/\/privatszef.hu\/wp-content\/uploads\/2019\/03\/logo.png","contentUrl":"https:\/\/privatszef.hu\/wp-content\/uploads\/2019\/03\/logo.png","width":259,"height":63,"caption":"Priv\u00e1tSz\u00e9f"},"image":{"@id":"https:\/\/privatszef.hu\/#\/schema\/logo\/image\/"}}]}},"_links":{"self":[{"href":"https:\/\/privatszef.hu\/ru\/wp-json\/wp\/v2\/pages\/1387","targetHints":{"allow":["GET"]}}],"collection":[{"href":"https:\/\/privatszef.hu\/ru\/wp-json\/wp\/v2\/pages"}],"about":[{"href":"https:\/\/privatszef.hu\/ru\/wp-json\/wp\/v2\/types\/page"}],"author":[{"embeddable":true,"href":"https:\/\/privatszef.hu\/ru\/wp-json\/wp\/v2\/users\/1"}],"replies":[{"embeddable":true,"href":"https:\/\/privatszef.hu\/ru\/wp-json\/wp\/v2\/comments?post=1387"}],"version-history":[{"count":3,"href":"https:\/\/privatszef.hu\/ru\/wp-json\/wp\/v2\/pages\/1387\/revisions"}],"predecessor-version":[{"id":1420,"href":"https:\/\/privatszef.hu\/ru\/wp-json\/wp\/v2\/pages\/1387\/revisions\/1420"}],"wp:attachment":[{"href":"https:\/\/privatszef.hu\/ru\/wp-json\/wp\/v2\/media?parent=1387"}],"curies":[{"name":"wp","href":"https:\/\/api.w.org\/{rel}","templated":true}]}}