{"id":1385,"date":"2022-12-21T03:20:34","date_gmt":"2022-12-21T02:20:34","guid":{"rendered":"https:\/\/privatszef.hu\/?page_id=1385"},"modified":"2023-01-24T02:36:54","modified_gmt":"2023-01-24T01:36:54","slug":"o%d0%b1%d1%8a%d1%8f%d0%b2%d0%bb%d0%b5%d0%bd%d0%b8%d1%8f-2023","status":"publish","type":"page","link":"https:\/\/privatszef.hu\/ru\/o%d0%b1%d1%8a%d1%8f%d0%b2%d0%bb%d0%b5%d0%bd%d0%b8%d1%8f-2023\/","title":{"rendered":"O\u0431\u044a\u044f\u0432\u043b\u0435\u043d\u0438\u044f 2023"},"content":{"rendered":"<p>[vc_row][vc_column][vc_column_text]<\/p>\n<p style=\"text-align: center;\">\u0417\u0430\u043f\u0440\u043e\u0448\u0435\u043d\u043d\u044b\u0439 \u0442\u0435\u043a\u0441\u0442 \u043f\u043e\u044f\u0432\u0438\u0442\u044c\u0441\u044f \u0447\u0435\u0440\u0435\u0437 \u043d\u0435\u0441\u043a\u043e\u043b\u044c\u043a\u043e \u0441\u0435\u043a\u0443\u043d\u0434<\/p>\n<p>[\/vc_column_text][vc_column_text]<div class=\"full-size 3d-flip-book \" data-id=\"1408\" data-mode=\"fullscreen\" data-title=\"false\" data-template=\"default\" data-lightbox=\"dark\" data-urlparam=\"fb3d-page\" data-page-n=\"0\" data-pdf=\"\" data-tax=\"null\" data-thumbnail=\"\" data-cols=\"3\"><\/div>[\/vc_column_text][vc_empty_space height=&#187;60px&#187;][vc_btn title=&#187;\u041e\u0431\u0440\u0430\u0442\u043d\u043e&#187; style=&#187;flat&#187; shape=&#187;square&#187; color=&#187;white&#187; align=&#187;left&#187; el_class=&#187;purple-button&#187; link=&#187;url:%2Fru%2Fo%D0%B1%D1%8A%D1%8F%D0%B2%D0%BB%D0%B5%D0%BD%D0%B8%D1%8F|||&#187;][\/vc_column][\/vc_row]<\/p>\n","protected":false},"excerpt":{"rendered":"<p>[vc_row][vc_column][vc_column_text] \u0417\u0430\u043f\u0440\u043e\u0448\u0435\u043d\u043d\u044b\u0439 \u0442\u0435\u043a\u0441\u0442 \u043f\u043e\u044f\u0432\u0438\u0442\u044c\u0441\u044f \u0447\u0435\u0440\u0435\u0437 \u043d\u0435\u0441\u043a\u043e\u043b\u044c\u043a\u043e \u0441\u0435\u043a\u0443\u043d\u0434 [\/vc_column_text][vc_column_text][\/vc_column_text][vc_empty_space height=&#187;60px&#187;][vc_btn title=&#187;\u041e\u0431\u0440\u0430\u0442\u043d\u043e&#187; style=&#187;flat&#187; shape=&#187;square&#187; color=&#187;white&#187; align=&#187;left&#187; el_class=&#187;purple-button&#187; link=&#187;url:%2Fru%2Fo%D0%B1%D1%8A%D1%8F%D0%B2%D0%BB%D0%B5%D0%BD%D0%B8%D1%8F|||&#187;][\/vc_column][\/vc_row]<\/p>\n","protected":false},"author":1,"featured_media":0,"parent":0,"menu_order":0,"comment_status":"closed","ping_status":"closed","template":"","meta":{"footnotes":""},"class_list":["post-1385","page","type-page","status-publish","hentry"],"yoast_head":"<!-- This site is optimized with the Yoast SEO plugin v27.3 - https:\/\/yoast.com\/product\/yoast-seo-wordpress\/ -->\n<title>O\u0431\u044a\u044f\u0432\u043b\u0435\u043d\u0438\u044f 2023 -<\/title>\n<meta name=\"robots\" content=\"index, follow, max-snippet:-1, max-image-preview:large, max-video-preview:-1\" \/>\n<link rel=\"canonical\" href=\"https:\/\/privatszef.hu\/ru\/o\u0431\u044a\u044f\u0432\u043b\u0435\u043d\u0438\u044f-2023\/\" \/>\n<meta property=\"og:locale\" content=\"ru_RU\" \/>\n<meta property=\"og:type\" content=\"article\" \/>\n<meta property=\"og:title\" content=\"O\u0431\u044a\u044f\u0432\u043b\u0435\u043d\u0438\u044f 2023 -\" \/>\n<meta property=\"og:description\" content=\"[vc_row][vc_column][vc_column_text] \u0417\u0430\u043f\u0440\u043e\u0448\u0435\u043d\u043d\u044b\u0439 \u0442\u0435\u043a\u0441\u0442 \u043f\u043e\u044f\u0432\u0438\u0442\u044c\u0441\u044f \u0447\u0435\u0440\u0435\u0437 \u043d\u0435\u0441\u043a\u043e\u043b\u044c\u043a\u043e \u0441\u0435\u043a\u0443\u043d\u0434 [\/vc_column_text][vc_column_text][\/vc_column_text][vc_empty_space height=&#187;60px&#187;][vc_btn title=&#187;\u041e\u0431\u0440\u0430\u0442\u043d\u043e&#187; style=&#187;flat&#187; shape=&#187;square&#187; color=&#187;white&#187; align=&#187;left&#187; el_class=&#187;purple-button&#187; link=&#187;url:%2Fru%2Fo%D0%B1%D1%8A%D1%8F%D0%B2%D0%BB%D0%B5%D0%BD%D0%B8%D1%8F|||&#187;][\/vc_column][\/vc_row]\" \/>\n<meta property=\"og:url\" content=\"https:\/\/privatszef.hu\/ru\/o\u0431\u044a\u044f\u0432\u043b\u0435\u043d\u0438\u044f-2023\/\" \/>\n<meta property=\"og:site_name\" content=\"Priv\u00e1tSz\u00e9f\" \/>\n<meta property=\"article:modified_time\" content=\"2023-01-24T01:36:54+00:00\" \/>\n<meta name=\"twitter:card\" content=\"summary_large_image\" \/>\n<script type=\"application\/ld+json\" class=\"yoast-schema-graph\">{\"@context\":\"https:\\\/\\\/schema.org\",\"@graph\":[{\"@type\":\"WebPage\",\"@id\":\"https:\\\/\\\/privatszef.hu\\\/ru\\\/o%d0%b1%d1%8a%d1%8f%d0%b2%d0%bb%d0%b5%d0%bd%d0%b8%d1%8f-2023\\\/\",\"url\":\"https:\\\/\\\/privatszef.hu\\\/ru\\\/o%d0%b1%d1%8a%d1%8f%d0%b2%d0%bb%d0%b5%d0%bd%d0%b8%d1%8f-2023\\\/\",\"name\":\"O\u0431\u044a\u044f\u0432\u043b\u0435\u043d\u0438\u044f 2023 -\",\"isPartOf\":{\"@id\":\"https:\\\/\\\/privatszef.hu\\\/#website\"},\"datePublished\":\"2022-12-21T02:20:34+00:00\",\"dateModified\":\"2023-01-24T01:36:54+00:00\",\"breadcrumb\":{\"@id\":\"https:\\\/\\\/privatszef.hu\\\/ru\\\/o%d0%b1%d1%8a%d1%8f%d0%b2%d0%bb%d0%b5%d0%bd%d0%b8%d1%8f-2023\\\/#breadcrumb\"},\"inLanguage\":\"ru-RU\",\"potentialAction\":[{\"@type\":\"ReadAction\",\"target\":[\"https:\\\/\\\/privatszef.hu\\\/ru\\\/o%d0%b1%d1%8a%d1%8f%d0%b2%d0%bb%d0%b5%d0%bd%d0%b8%d1%8f-2023\\\/\"]}]},{\"@type\":\"BreadcrumbList\",\"@id\":\"https:\\\/\\\/privatszef.hu\\\/ru\\\/o%d0%b1%d1%8a%d1%8f%d0%b2%d0%bb%d0%b5%d0%bd%d0%b8%d1%8f-2023\\\/#breadcrumb\",\"itemListElement\":[{\"@type\":\"ListItem\",\"position\":1,\"name\":\"Home\",\"item\":\"https:\\\/\\\/privatszef.hu\\\/\"},{\"@type\":\"ListItem\",\"position\":2,\"name\":\"O\u0431\u044a\u044f\u0432\u043b\u0435\u043d\u0438\u044f 2023\"}]},{\"@type\":\"WebSite\",\"@id\":\"https:\\\/\\\/privatszef.hu\\\/#website\",\"url\":\"https:\\\/\\\/privatszef.hu\\\/\",\"name\":\"Priv\u00e1tSz\u00e9f\",\"description\":\"Tudja \u00e9rt\u00e9keit biztons\u00e1gban!\",\"publisher\":{\"@id\":\"https:\\\/\\\/privatszef.hu\\\/#organization\"},\"potentialAction\":[{\"@type\":\"SearchAction\",\"target\":{\"@type\":\"EntryPoint\",\"urlTemplate\":\"https:\\\/\\\/privatszef.hu\\\/?s={search_term_string}\"},\"query-input\":{\"@type\":\"PropertyValueSpecification\",\"valueRequired\":true,\"valueName\":\"search_term_string\"}}],\"inLanguage\":\"ru-RU\"},{\"@type\":\"Organization\",\"@id\":\"https:\\\/\\\/privatszef.hu\\\/#organization\",\"name\":\"Priv\u00e1tSz\u00e9f\",\"url\":\"https:\\\/\\\/privatszef.hu\\\/\",\"logo\":{\"@type\":\"ImageObject\",\"inLanguage\":\"ru-RU\",\"@id\":\"https:\\\/\\\/privatszef.hu\\\/#\\\/schema\\\/logo\\\/image\\\/\",\"url\":\"https:\\\/\\\/privatszef.hu\\\/wp-content\\\/uploads\\\/2019\\\/03\\\/logo.png\",\"contentUrl\":\"https:\\\/\\\/privatszef.hu\\\/wp-content\\\/uploads\\\/2019\\\/03\\\/logo.png\",\"width\":259,\"height\":63,\"caption\":\"Priv\u00e1tSz\u00e9f\"},\"image\":{\"@id\":\"https:\\\/\\\/privatszef.hu\\\/#\\\/schema\\\/logo\\\/image\\\/\"}}]}<\/script>\n<!-- \/ Yoast SEO plugin. -->","yoast_head_json":{"title":"O\u0431\u044a\u044f\u0432\u043b\u0435\u043d\u0438\u044f 2023 -","robots":{"index":"index","follow":"follow","max-snippet":"max-snippet:-1","max-image-preview":"max-image-preview:large","max-video-preview":"max-video-preview:-1"},"canonical":"https:\/\/privatszef.hu\/ru\/o\u0431\u044a\u044f\u0432\u043b\u0435\u043d\u0438\u044f-2023\/","og_locale":"ru_RU","og_type":"article","og_title":"O\u0431\u044a\u044f\u0432\u043b\u0435\u043d\u0438\u044f 2023 -","og_description":"[vc_row][vc_column][vc_column_text] \u0417\u0430\u043f\u0440\u043e\u0448\u0435\u043d\u043d\u044b\u0439 \u0442\u0435\u043a\u0441\u0442 \u043f\u043e\u044f\u0432\u0438\u0442\u044c\u0441\u044f \u0447\u0435\u0440\u0435\u0437 \u043d\u0435\u0441\u043a\u043e\u043b\u044c\u043a\u043e \u0441\u0435\u043a\u0443\u043d\u0434 [\/vc_column_text][vc_column_text][\/vc_column_text][vc_empty_space height=&#187;60px&#187;][vc_btn title=&#187;\u041e\u0431\u0440\u0430\u0442\u043d\u043e&#187; style=&#187;flat&#187; shape=&#187;square&#187; color=&#187;white&#187; align=&#187;left&#187; el_class=&#187;purple-button&#187; link=&#187;url:%2Fru%2Fo%D0%B1%D1%8A%D1%8F%D0%B2%D0%BB%D0%B5%D0%BD%D0%B8%D1%8F|||&#187;][\/vc_column][\/vc_row]","og_url":"https:\/\/privatszef.hu\/ru\/o\u0431\u044a\u044f\u0432\u043b\u0435\u043d\u0438\u044f-2023\/","og_site_name":"Priv\u00e1tSz\u00e9f","article_modified_time":"2023-01-24T01:36:54+00:00","twitter_card":"summary_large_image","schema":{"@context":"https:\/\/schema.org","@graph":[{"@type":"WebPage","@id":"https:\/\/privatszef.hu\/ru\/o%d0%b1%d1%8a%d1%8f%d0%b2%d0%bb%d0%b5%d0%bd%d0%b8%d1%8f-2023\/","url":"https:\/\/privatszef.hu\/ru\/o%d0%b1%d1%8a%d1%8f%d0%b2%d0%bb%d0%b5%d0%bd%d0%b8%d1%8f-2023\/","name":"O\u0431\u044a\u044f\u0432\u043b\u0435\u043d\u0438\u044f 2023 -","isPartOf":{"@id":"https:\/\/privatszef.hu\/#website"},"datePublished":"2022-12-21T02:20:34+00:00","dateModified":"2023-01-24T01:36:54+00:00","breadcrumb":{"@id":"https:\/\/privatszef.hu\/ru\/o%d0%b1%d1%8a%d1%8f%d0%b2%d0%bb%d0%b5%d0%bd%d0%b8%d1%8f-2023\/#breadcrumb"},"inLanguage":"ru-RU","potentialAction":[{"@type":"ReadAction","target":["https:\/\/privatszef.hu\/ru\/o%d0%b1%d1%8a%d1%8f%d0%b2%d0%bb%d0%b5%d0%bd%d0%b8%d1%8f-2023\/"]}]},{"@type":"BreadcrumbList","@id":"https:\/\/privatszef.hu\/ru\/o%d0%b1%d1%8a%d1%8f%d0%b2%d0%bb%d0%b5%d0%bd%d0%b8%d1%8f-2023\/#breadcrumb","itemListElement":[{"@type":"ListItem","position":1,"name":"Home","item":"https:\/\/privatszef.hu\/"},{"@type":"ListItem","position":2,"name":"O\u0431\u044a\u044f\u0432\u043b\u0435\u043d\u0438\u044f 2023"}]},{"@type":"WebSite","@id":"https:\/\/privatszef.hu\/#website","url":"https:\/\/privatszef.hu\/","name":"Priv\u00e1tSz\u00e9f","description":"Tudja \u00e9rt\u00e9keit biztons\u00e1gban!","publisher":{"@id":"https:\/\/privatszef.hu\/#organization"},"potentialAction":[{"@type":"SearchAction","target":{"@type":"EntryPoint","urlTemplate":"https:\/\/privatszef.hu\/?s={search_term_string}"},"query-input":{"@type":"PropertyValueSpecification","valueRequired":true,"valueName":"search_term_string"}}],"inLanguage":"ru-RU"},{"@type":"Organization","@id":"https:\/\/privatszef.hu\/#organization","name":"Priv\u00e1tSz\u00e9f","url":"https:\/\/privatszef.hu\/","logo":{"@type":"ImageObject","inLanguage":"ru-RU","@id":"https:\/\/privatszef.hu\/#\/schema\/logo\/image\/","url":"https:\/\/privatszef.hu\/wp-content\/uploads\/2019\/03\/logo.png","contentUrl":"https:\/\/privatszef.hu\/wp-content\/uploads\/2019\/03\/logo.png","width":259,"height":63,"caption":"Priv\u00e1tSz\u00e9f"},"image":{"@id":"https:\/\/privatszef.hu\/#\/schema\/logo\/image\/"}}]}},"_links":{"self":[{"href":"https:\/\/privatszef.hu\/ru\/wp-json\/wp\/v2\/pages\/1385","targetHints":{"allow":["GET"]}}],"collection":[{"href":"https:\/\/privatszef.hu\/ru\/wp-json\/wp\/v2\/pages"}],"about":[{"href":"https:\/\/privatszef.hu\/ru\/wp-json\/wp\/v2\/types\/page"}],"author":[{"embeddable":true,"href":"https:\/\/privatszef.hu\/ru\/wp-json\/wp\/v2\/users\/1"}],"replies":[{"embeddable":true,"href":"https:\/\/privatszef.hu\/ru\/wp-json\/wp\/v2\/comments?post=1385"}],"version-history":[{"count":5,"href":"https:\/\/privatszef.hu\/ru\/wp-json\/wp\/v2\/pages\/1385\/revisions"}],"predecessor-version":[{"id":1438,"href":"https:\/\/privatszef.hu\/ru\/wp-json\/wp\/v2\/pages\/1385\/revisions\/1438"}],"wp:attachment":[{"href":"https:\/\/privatszef.hu\/ru\/wp-json\/wp\/v2\/media?parent=1385"}],"curies":[{"name":"wp","href":"https:\/\/api.w.org\/{rel}","templated":true}]}}